{"id":1270,"date":"2025-03-24T07:36:08","date_gmt":"2025-03-24T07:36:08","guid":{"rendered":"https:\/\/uoa.com.vn\/?page_id=1270"},"modified":"2025-05-13T01:22:33","modified_gmt":"2025-05-13T01:22:33","slug":"komune-co-working-space","status":"publish","type":"page","link":"https:\/\/uoa.com.vn\/vi\/projects\/commercial\/komune-co-working-space\/","title":{"rendered":"KOMUNE CO-WORKING SPACE"},"content":{"rendered":"","protected":false},"excerpt":{"rendered":"<p>Komune Co-working, gi\u1ea3i ph\u00e1p kh\u00f4ng gian l\u00e0m vi\u1ec7c cao c\u1ea5p \u0111\u00e3 ch\u00ednh th\u1ee9c c\u00f3 m\u1eb7t t\u1ea1i Vi\u1ec7t Nam, sau th\u00e0nh c\u00f4ng t\u1ea1i Malaysia v\u1edbi h\u1ec7 th\u1ed1ng chi nh\u00e1nh tr\u1ea3i kh\u1eafp Kuala Lumpur. T\u1ecda l\u1ea1c chi\u1ebfn l\u01b0\u1ee3c t\u1ea1i T\u00f2a nh\u00e0 UOA Tower, Qu\u1eadn 7, Th\u00e0nh ph\u1ed1 H\u1ed3 Ch\u00ed Minh, Komune Co-working mang \u0111\u1ebfn c\u00e1c l\u1ef1a ch\u1ecdn kh\u00f4ng gian l\u00e0m vi\u1ec7c linh ho\u1ea1t, ph\u00f9 h\u1ee3p v\u1edbi t\u1eebng nhu c\u1ea7u ri\u00eang bi\u1ec7t c\u1ee7a b\u1ea1n.  D\u00f9 b\u1ea1n c\u1ea7n m\u1ed9t b\u00e0n l\u00e0m vi\u1ec7c c\u00e1 nh\u00e2n hay m\u1ed9t v\u0103n ph\u00f2ng ri\u00eang \u0111\u01b0\u1ee3c trang b\u1ecb \u0111\u1ea7y \u0111\u1ee7 ti\u1ec7n nghi, Komune Co-working \u0111\u1ec1u cung c\u1ea5p m\u00f4i tr\u01b0\u1eddng l\u00e0m vi\u1ec7c thu\u1eadn ti\u1ec7n, th\u00fac \u0111\u1ea9y s\u1ef1 s\u00e1ng t\u1ea1o, kh\u01a1i ngu\u1ed3n \u00fd t\u01b0\u1edfng v\u00e0 nu\u00f4i d\u01b0\u1ee1ng tinh th\u1ea7n c\u1ed9ng t\u00e1c c\u0169ng nh\u01b0 g\u1eafn k\u1ebft c\u1ed9ng \u0111\u1ed3ng.<\/p>\n","protected":false},"author":1,"featured_media":1227,"parent":835,"menu_order":0,"comment_status":"closed","ping_status":"closed","template":"","meta":{"footnotes":""},"categories":[15],"class_list":["post-1270","page","type-page","status-publish","has-post-thumbnail","hentry","category-commercial-vi"],"acf":[],"yoast_head":"<!-- This site is optimized with the Yoast SEO plugin v21.2 - https:\/\/yoast.com\/wordpress\/plugins\/seo\/ -->\n<title>KOMUNE CO-WORKING SPACE - UOA Group<\/title>\n<meta name=\"robots\" content=\"index, follow, max-snippet:-1, max-image-preview:large, max-video-preview:-1\" \/>\n<link rel=\"canonical\" href=\"https:\/\/uoa.com.vn\/vi\/projects\/commercial\/komune-co-working-space\/\" \/>\n<meta property=\"og:locale\" content=\"vi_VN\" \/>\n<meta property=\"og:type\" content=\"article\" \/>\n<meta property=\"og:title\" content=\"KOMUNE CO-WORKING SPACE - UOA Group\" \/>\n<meta property=\"og:description\" content=\"Komune Co-working, gi\u1ea3i ph\u00e1p kh\u00f4ng gian l\u00e0m vi\u1ec7c cao c\u1ea5p \u0111\u00e3 ch\u00ednh th\u1ee9c c\u00f3 m\u1eb7t t\u1ea1i Vi\u1ec7t Nam, sau th\u00e0nh c\u00f4ng t\u1ea1i Malaysia v\u1edbi h\u1ec7 th\u1ed1ng chi nh\u00e1nh tr\u1ea3i kh\u1eafp Kuala Lumpur. T\u1ecda l\u1ea1c chi\u1ebfn l\u01b0\u1ee3c t\u1ea1i T\u00f2a nh\u00e0 UOA Tower, Qu\u1eadn 7, Th\u00e0nh ph\u1ed1 H\u1ed3 Ch\u00ed Minh, Komune Co-working mang \u0111\u1ebfn c\u00e1c l\u1ef1a ch\u1ecdn kh\u00f4ng gian l\u00e0m vi\u1ec7c linh ho\u1ea1t, ph\u00f9 h\u1ee3p v\u1edbi t\u1eebng nhu c\u1ea7u ri\u00eang bi\u1ec7t c\u1ee7a b\u1ea1n. D\u00f9 b\u1ea1n c\u1ea7n m\u1ed9t b\u00e0n l\u00e0m vi\u1ec7c c\u00e1 nh\u00e2n hay m\u1ed9t v\u0103n ph\u00f2ng ri\u00eang \u0111\u01b0\u1ee3c trang b\u1ecb \u0111\u1ea7y \u0111\u1ee7 ti\u1ec7n nghi, Komune Co-working \u0111\u1ec1u cung c\u1ea5p m\u00f4i tr\u01b0\u1eddng l\u00e0m vi\u1ec7c thu\u1eadn ti\u1ec7n, th\u00fac \u0111\u1ea9y s\u1ef1 s\u00e1ng t\u1ea1o, kh\u01a1i ngu\u1ed3n \u00fd t\u01b0\u1edfng v\u00e0 nu\u00f4i d\u01b0\u1ee1ng tinh th\u1ea7n c\u1ed9ng t\u00e1c c\u0169ng nh\u01b0 g\u1eafn k\u1ebft c\u1ed9ng \u0111\u1ed3ng.\" \/>\n<meta property=\"og:url\" content=\"https:\/\/uoa.com.vn\/vi\/projects\/commercial\/komune-co-working-space\/\" \/>\n<meta property=\"og:site_name\" content=\"UOA Group\" \/>\n<meta property=\"article:modified_time\" content=\"2025-05-13T01:22:33+00:00\" \/>\n<meta property=\"og:image\" content=\"https:\/\/uoa.com.vn\/wp-content\/uploads\/2025\/04\/03-RECEPTION.jpg\" \/>\n\t<meta property=\"og:image:width\" content=\"1500\" \/>\n\t<meta property=\"og:image:height\" content=\"1125\" \/>\n\t<meta property=\"og:image:type\" content=\"image\/jpeg\" \/>\n<meta name=\"twitter:card\" content=\"summary_large_image\" \/>\n<script type=\"application\/ld+json\" class=\"yoast-schema-graph\">{\"@context\":\"https:\/\/schema.org\",\"@graph\":[{\"@type\":\"WebPage\",\"@id\":\"https:\/\/uoa.com.vn\/vi\/projects\/commercial\/komune-co-working-space\/\",\"url\":\"https:\/\/uoa.com.vn\/vi\/projects\/commercial\/komune-co-working-space\/\",\"name\":\"KOMUNE CO-WORKING SPACE - UOA Group\",\"isPartOf\":{\"@id\":\"https:\/\/uoa.com.vn\/vi\/#website\"},\"datePublished\":\"2025-03-24T07:36:08+00:00\",\"dateModified\":\"2025-05-13T01:22:33+00:00\",\"breadcrumb\":{\"@id\":\"https:\/\/uoa.com.vn\/vi\/projects\/commercial\/komune-co-working-space\/#breadcrumb\"},\"inLanguage\":\"vi-VN\",\"potentialAction\":[{\"@type\":\"ReadAction\",\"target\":[\"https:\/\/uoa.com.vn\/vi\/projects\/commercial\/komune-co-working-space\/\"]}]},{\"@type\":\"BreadcrumbList\",\"@id\":\"https:\/\/uoa.com.vn\/vi\/projects\/commercial\/komune-co-working-space\/#breadcrumb\",\"itemListElement\":[{\"@type\":\"ListItem\",\"position\":1,\"name\":\"Home\",\"item\":\"https:\/\/uoa.com.vn\/vi\/about\/\"},{\"@type\":\"ListItem\",\"position\":2,\"name\":\"D\u1ef1 \u00e1n\",\"item\":\"https:\/\/uoa.com.vn\/vi\/projects\/\"},{\"@type\":\"ListItem\",\"position\":3,\"name\":\"Commercial\",\"item\":\"https:\/\/uoa.com.vn\/vi\/projects\/commercial\/\"},{\"@type\":\"ListItem\",\"position\":4,\"name\":\"KOMUNE CO-WORKING SPACE\"}]},{\"@type\":\"WebSite\",\"@id\":\"https:\/\/uoa.com.vn\/vi\/#website\",\"url\":\"https:\/\/uoa.com.vn\/vi\/\",\"name\":\"UOA Group\",\"description\":\"\",\"potentialAction\":[{\"@type\":\"SearchAction\",\"target\":{\"@type\":\"EntryPoint\",\"urlTemplate\":\"https:\/\/uoa.com.vn\/vi\/?s={search_term_string}\"},\"query-input\":\"required name=search_term_string\"}],\"inLanguage\":\"vi-VN\"}]}<\/script>\n<!-- \/ Yoast SEO plugin. -->","yoast_head_json":{"title":"KOMUNE CO-WORKING SPACE - UOA Group","robots":{"index":"index","follow":"follow","max-snippet":"max-snippet:-1","max-image-preview":"max-image-preview:large","max-video-preview":"max-video-preview:-1"},"canonical":"https:\/\/uoa.com.vn\/vi\/projects\/commercial\/komune-co-working-space\/","og_locale":"vi_VN","og_type":"article","og_title":"KOMUNE CO-WORKING SPACE - UOA Group","og_description":"Komune Co-working, gi\u1ea3i ph\u00e1p kh\u00f4ng gian l\u00e0m vi\u1ec7c cao c\u1ea5p \u0111\u00e3 ch\u00ednh th\u1ee9c c\u00f3 m\u1eb7t t\u1ea1i Vi\u1ec7t Nam, sau th\u00e0nh c\u00f4ng t\u1ea1i Malaysia v\u1edbi h\u1ec7 th\u1ed1ng chi nh\u00e1nh tr\u1ea3i kh\u1eafp Kuala Lumpur. T\u1ecda l\u1ea1c chi\u1ebfn l\u01b0\u1ee3c t\u1ea1i T\u00f2a nh\u00e0 UOA Tower, Qu\u1eadn 7, Th\u00e0nh ph\u1ed1 H\u1ed3 Ch\u00ed Minh, Komune Co-working mang \u0111\u1ebfn c\u00e1c l\u1ef1a ch\u1ecdn kh\u00f4ng gian l\u00e0m vi\u1ec7c linh ho\u1ea1t, ph\u00f9 h\u1ee3p v\u1edbi t\u1eebng nhu c\u1ea7u ri\u00eang bi\u1ec7t c\u1ee7a b\u1ea1n. D\u00f9 b\u1ea1n c\u1ea7n m\u1ed9t b\u00e0n l\u00e0m vi\u1ec7c c\u00e1 nh\u00e2n hay m\u1ed9t v\u0103n ph\u00f2ng ri\u00eang \u0111\u01b0\u1ee3c trang b\u1ecb \u0111\u1ea7y \u0111\u1ee7 ti\u1ec7n nghi, Komune Co-working \u0111\u1ec1u cung c\u1ea5p m\u00f4i tr\u01b0\u1eddng l\u00e0m vi\u1ec7c thu\u1eadn ti\u1ec7n, th\u00fac \u0111\u1ea9y s\u1ef1 s\u00e1ng t\u1ea1o, kh\u01a1i ngu\u1ed3n \u00fd t\u01b0\u1edfng v\u00e0 nu\u00f4i d\u01b0\u1ee1ng tinh th\u1ea7n c\u1ed9ng t\u00e1c c\u0169ng nh\u01b0 g\u1eafn k\u1ebft c\u1ed9ng \u0111\u1ed3ng.","og_url":"https:\/\/uoa.com.vn\/vi\/projects\/commercial\/komune-co-working-space\/","og_site_name":"UOA Group","article_modified_time":"2025-05-13T01:22:33+00:00","og_image":[{"width":1500,"height":1125,"url":"https:\/\/uoa.com.vn\/wp-content\/uploads\/2025\/04\/03-RECEPTION.jpg","type":"image\/jpeg"}],"twitter_card":"summary_large_image","schema":{"@context":"https:\/\/schema.org","@graph":[{"@type":"WebPage","@id":"https:\/\/uoa.com.vn\/vi\/projects\/commercial\/komune-co-working-space\/","url":"https:\/\/uoa.com.vn\/vi\/projects\/commercial\/komune-co-working-space\/","name":"KOMUNE CO-WORKING SPACE - UOA Group","isPartOf":{"@id":"https:\/\/uoa.com.vn\/vi\/#website"},"datePublished":"2025-03-24T07:36:08+00:00","dateModified":"2025-05-13T01:22:33+00:00","breadcrumb":{"@id":"https:\/\/uoa.com.vn\/vi\/projects\/commercial\/komune-co-working-space\/#breadcrumb"},"inLanguage":"vi-VN","potentialAction":[{"@type":"ReadAction","target":["https:\/\/uoa.com.vn\/vi\/projects\/commercial\/komune-co-working-space\/"]}]},{"@type":"BreadcrumbList","@id":"https:\/\/uoa.com.vn\/vi\/projects\/commercial\/komune-co-working-space\/#breadcrumb","itemListElement":[{"@type":"ListItem","position":1,"name":"Home","item":"https:\/\/uoa.com.vn\/vi\/about\/"},{"@type":"ListItem","position":2,"name":"D\u1ef1 \u00e1n","item":"https:\/\/uoa.com.vn\/vi\/projects\/"},{"@type":"ListItem","position":3,"name":"Commercial","item":"https:\/\/uoa.com.vn\/vi\/projects\/commercial\/"},{"@type":"ListItem","position":4,"name":"KOMUNE CO-WORKING SPACE"}]},{"@type":"WebSite","@id":"https:\/\/uoa.com.vn\/vi\/#website","url":"https:\/\/uoa.com.vn\/vi\/","name":"UOA Group","description":"","potentialAction":[{"@type":"SearchAction","target":{"@type":"EntryPoint","urlTemplate":"https:\/\/uoa.com.vn\/vi\/?s={search_term_string}"},"query-input":"required name=search_term_string"}],"inLanguage":"vi-VN"}]}},"_links":{"self":[{"href":"https:\/\/uoa.com.vn\/vi\/wp-json\/wp\/v2\/pages\/1270","targetHints":{"allow":["GET"]}}],"collection":[{"href":"https:\/\/uoa.com.vn\/vi\/wp-json\/wp\/v2\/pages"}],"about":[{"href":"https:\/\/uoa.com.vn\/vi\/wp-json\/wp\/v2\/types\/page"}],"author":[{"embeddable":true,"href":"https:\/\/uoa.com.vn\/vi\/wp-json\/wp\/v2\/users\/1"}],"replies":[{"embeddable":true,"href":"https:\/\/uoa.com.vn\/vi\/wp-json\/wp\/v2\/comments?post=1270"}],"version-history":[{"count":8,"href":"https:\/\/uoa.com.vn\/vi\/wp-json\/wp\/v2\/pages\/1270\/revisions"}],"predecessor-version":[{"id":1281,"href":"https:\/\/uoa.com.vn\/vi\/wp-json\/wp\/v2\/pages\/1270\/revisions\/1281"}],"up":[{"embeddable":true,"href":"https:\/\/uoa.com.vn\/vi\/wp-json\/wp\/v2\/pages\/835"}],"wp:featuredmedia":[{"embeddable":true,"href":"https:\/\/uoa.com.vn\/vi\/wp-json\/wp\/v2\/media\/1227"}],"wp:attachment":[{"href":"https:\/\/uoa.com.vn\/vi\/wp-json\/wp\/v2\/media?parent=1270"}],"wp:term":[{"taxonomy":"category","embeddable":true,"href":"https:\/\/uoa.com.vn\/vi\/wp-json\/wp\/v2\/categories?post=1270"}],"curies":[{"name":"wp","href":"https:\/\/api.w.org\/{rel}","templated":true}]}}