{"id":480,"date":"2023-04-19T21:54:51","date_gmt":"2023-04-19T21:54:51","guid":{"rendered":"https:\/\/uoa.com.vn\/?page_id=480"},"modified":"2024-10-15T08:21:12","modified_gmt":"2024-10-15T08:21:12","slug":"uoa-tower","status":"publish","type":"page","link":"https:\/\/uoa.com.vn\/vi\/projects\/commercial\/uoa-tower\/","title":{"rendered":"UOA Tower"},"content":{"rendered":"","protected":false},"excerpt":{"rendered":"<p>\u0110\u01b0\u1ee3c thi\u1ebft k\u1ebf \u0111\u1ec3 \u0111\u1ea1t \u0111\u01b0\u1ee3c ti\u00eau chu\u1ea9n xanh c\u1ee7a BCA Green Mark Certified, UOA Tower l\u00e0 m\u1ed9t \u0111\u1ecba ch\u1ec9 kinh doanh v\u0103n ph\u00f2ng h\u1ea1ng A t\u1ecda l\u1ea1c t\u1ea1i trung t\u00e2m Ph\u00fa M\u1ef9 H\u01b0ng, v\u1edbi h\u1ec7 th\u1ed1ng an ninh hi\u1ec7n \u0111\u1ea1i, m\u1eb7t b\u1eb1ng s\u00e0n v\u0103n ph\u00f2ng thi\u1ebft k\u1ebf t\u1ed1i \u01b0u, ti\u1ec7n \u00edch \u0111\u1ea7y \u0111\u1ee7 v\u00e0 kh\u00f4ng gian b\u00e3i \u0111\u1eadu xe l\u1edbn cho c\u1ea3 kh\u00e1ch thu\u00ea v\u00e0 kh\u00e1ch vi\u1ebfng th\u0103m.<\/p>\n","protected":false},"author":4,"featured_media":427,"parent":835,"menu_order":0,"comment_status":"closed","ping_status":"closed","template":"","meta":{"footnotes":""},"categories":[15],"class_list":["post-480","page","type-page","status-publish","has-post-thumbnail","hentry","category-commercial-vi"],"acf":[],"yoast_head":"<!-- This site is optimized with the Yoast SEO plugin v21.2 - https:\/\/yoast.com\/wordpress\/plugins\/seo\/ -->\n<title>UOA Tower - UOA Group<\/title>\n<meta name=\"robots\" content=\"index, follow, max-snippet:-1, max-image-preview:large, max-video-preview:-1\" \/>\n<link rel=\"canonical\" href=\"https:\/\/uoa.com.vn\/vi\/projects\/commercial\/uoa-tower\/\" \/>\n<meta property=\"og:locale\" content=\"vi_VN\" \/>\n<meta property=\"og:type\" content=\"article\" \/>\n<meta property=\"og:title\" content=\"UOA Tower - UOA Group\" \/>\n<meta property=\"og:description\" content=\"\u0110\u01b0\u1ee3c thi\u1ebft k\u1ebf \u0111\u1ec3 \u0111\u1ea1t \u0111\u01b0\u1ee3c ti\u00eau chu\u1ea9n xanh c\u1ee7a BCA Green Mark Certified, UOA Tower l\u00e0 m\u1ed9t \u0111\u1ecba ch\u1ec9 kinh doanh v\u0103n ph\u00f2ng h\u1ea1ng A t\u1ecda l\u1ea1c t\u1ea1i trung t\u00e2m Ph\u00fa M\u1ef9 H\u01b0ng, v\u1edbi h\u1ec7 th\u1ed1ng an ninh hi\u1ec7n \u0111\u1ea1i, m\u1eb7t b\u1eb1ng s\u00e0n v\u0103n ph\u00f2ng thi\u1ebft k\u1ebf t\u1ed1i \u01b0u, ti\u1ec7n \u00edch \u0111\u1ea7y \u0111\u1ee7 v\u00e0 kh\u00f4ng gian b\u00e3i \u0111\u1eadu xe l\u1edbn cho c\u1ea3 kh\u00e1ch thu\u00ea v\u00e0 kh\u00e1ch vi\u1ebfng th\u0103m.\" \/>\n<meta property=\"og:url\" content=\"https:\/\/uoa.com.vn\/vi\/projects\/commercial\/uoa-tower\/\" \/>\n<meta property=\"og:site_name\" content=\"UOA Group\" \/>\n<meta property=\"article:modified_time\" content=\"2024-10-15T08:21:12+00:00\" \/>\n<meta property=\"og:image\" content=\"https:\/\/uoa.com.vn\/wp-content\/uploads\/2023\/04\/img-project-uoa-tower.jpg\" \/>\n\t<meta property=\"og:image:width\" content=\"1600\" \/>\n\t<meta property=\"og:image:height\" content=\"1800\" \/>\n\t<meta property=\"og:image:type\" content=\"image\/jpeg\" \/>\n<meta name=\"twitter:card\" content=\"summary_large_image\" \/>\n<script type=\"application\/ld+json\" class=\"yoast-schema-graph\">{\"@context\":\"https:\/\/schema.org\",\"@graph\":[{\"@type\":\"WebPage\",\"@id\":\"https:\/\/uoa.com.vn\/vi\/projects\/commercial\/uoa-tower\/\",\"url\":\"https:\/\/uoa.com.vn\/vi\/projects\/commercial\/uoa-tower\/\",\"name\":\"UOA Tower - UOA Group\",\"isPartOf\":{\"@id\":\"https:\/\/uoa.com.vn\/vi\/#website\"},\"datePublished\":\"2023-04-19T21:54:51+00:00\",\"dateModified\":\"2024-10-15T08:21:12+00:00\",\"breadcrumb\":{\"@id\":\"https:\/\/uoa.com.vn\/vi\/projects\/commercial\/uoa-tower\/#breadcrumb\"},\"inLanguage\":\"vi-VN\",\"potentialAction\":[{\"@type\":\"ReadAction\",\"target\":[\"https:\/\/uoa.com.vn\/vi\/projects\/commercial\/uoa-tower\/\"]}]},{\"@type\":\"BreadcrumbList\",\"@id\":\"https:\/\/uoa.com.vn\/vi\/projects\/commercial\/uoa-tower\/#breadcrumb\",\"itemListElement\":[{\"@type\":\"ListItem\",\"position\":1,\"name\":\"Home\",\"item\":\"https:\/\/uoa.com.vn\/vi\/about\/\"},{\"@type\":\"ListItem\",\"position\":2,\"name\":\"D\u1ef1 \u00e1n\",\"item\":\"https:\/\/uoa.com.vn\/vi\/projects\/\"},{\"@type\":\"ListItem\",\"position\":3,\"name\":\"Commercial\",\"item\":\"https:\/\/uoa.com.vn\/vi\/projects\/commercial\/\"},{\"@type\":\"ListItem\",\"position\":4,\"name\":\"UOA Tower\"}]},{\"@type\":\"WebSite\",\"@id\":\"https:\/\/uoa.com.vn\/vi\/#website\",\"url\":\"https:\/\/uoa.com.vn\/vi\/\",\"name\":\"UOA Group\",\"description\":\"\",\"potentialAction\":[{\"@type\":\"SearchAction\",\"target\":{\"@type\":\"EntryPoint\",\"urlTemplate\":\"https:\/\/uoa.com.vn\/vi\/?s={search_term_string}\"},\"query-input\":\"required name=search_term_string\"}],\"inLanguage\":\"vi-VN\"}]}<\/script>\n<!-- \/ Yoast SEO plugin. -->","yoast_head_json":{"title":"UOA Tower - UOA Group","robots":{"index":"index","follow":"follow","max-snippet":"max-snippet:-1","max-image-preview":"max-image-preview:large","max-video-preview":"max-video-preview:-1"},"canonical":"https:\/\/uoa.com.vn\/vi\/projects\/commercial\/uoa-tower\/","og_locale":"vi_VN","og_type":"article","og_title":"UOA Tower - UOA Group","og_description":"\u0110\u01b0\u1ee3c thi\u1ebft k\u1ebf \u0111\u1ec3 \u0111\u1ea1t \u0111\u01b0\u1ee3c ti\u00eau chu\u1ea9n xanh c\u1ee7a BCA Green Mark Certified, UOA Tower l\u00e0 m\u1ed9t \u0111\u1ecba ch\u1ec9 kinh doanh v\u0103n ph\u00f2ng h\u1ea1ng A t\u1ecda l\u1ea1c t\u1ea1i trung t\u00e2m Ph\u00fa M\u1ef9 H\u01b0ng, v\u1edbi h\u1ec7 th\u1ed1ng an ninh hi\u1ec7n \u0111\u1ea1i, m\u1eb7t b\u1eb1ng s\u00e0n v\u0103n ph\u00f2ng thi\u1ebft k\u1ebf t\u1ed1i \u01b0u, ti\u1ec7n \u00edch \u0111\u1ea7y \u0111\u1ee7 v\u00e0 kh\u00f4ng gian b\u00e3i \u0111\u1eadu xe l\u1edbn cho c\u1ea3 kh\u00e1ch thu\u00ea v\u00e0 kh\u00e1ch vi\u1ebfng th\u0103m.","og_url":"https:\/\/uoa.com.vn\/vi\/projects\/commercial\/uoa-tower\/","og_site_name":"UOA Group","article_modified_time":"2024-10-15T08:21:12+00:00","og_image":[{"width":1600,"height":1800,"url":"https:\/\/uoa.com.vn\/wp-content\/uploads\/2023\/04\/img-project-uoa-tower.jpg","type":"image\/jpeg"}],"twitter_card":"summary_large_image","schema":{"@context":"https:\/\/schema.org","@graph":[{"@type":"WebPage","@id":"https:\/\/uoa.com.vn\/vi\/projects\/commercial\/uoa-tower\/","url":"https:\/\/uoa.com.vn\/vi\/projects\/commercial\/uoa-tower\/","name":"UOA Tower - UOA Group","isPartOf":{"@id":"https:\/\/uoa.com.vn\/vi\/#website"},"datePublished":"2023-04-19T21:54:51+00:00","dateModified":"2024-10-15T08:21:12+00:00","breadcrumb":{"@id":"https:\/\/uoa.com.vn\/vi\/projects\/commercial\/uoa-tower\/#breadcrumb"},"inLanguage":"vi-VN","potentialAction":[{"@type":"ReadAction","target":["https:\/\/uoa.com.vn\/vi\/projects\/commercial\/uoa-tower\/"]}]},{"@type":"BreadcrumbList","@id":"https:\/\/uoa.com.vn\/vi\/projects\/commercial\/uoa-tower\/#breadcrumb","itemListElement":[{"@type":"ListItem","position":1,"name":"Home","item":"https:\/\/uoa.com.vn\/vi\/about\/"},{"@type":"ListItem","position":2,"name":"D\u1ef1 \u00e1n","item":"https:\/\/uoa.com.vn\/vi\/projects\/"},{"@type":"ListItem","position":3,"name":"Commercial","item":"https:\/\/uoa.com.vn\/vi\/projects\/commercial\/"},{"@type":"ListItem","position":4,"name":"UOA Tower"}]},{"@type":"WebSite","@id":"https:\/\/uoa.com.vn\/vi\/#website","url":"https:\/\/uoa.com.vn\/vi\/","name":"UOA Group","description":"","potentialAction":[{"@type":"SearchAction","target":{"@type":"EntryPoint","urlTemplate":"https:\/\/uoa.com.vn\/vi\/?s={search_term_string}"},"query-input":"required name=search_term_string"}],"inLanguage":"vi-VN"}]}},"_links":{"self":[{"href":"https:\/\/uoa.com.vn\/vi\/wp-json\/wp\/v2\/pages\/480","targetHints":{"allow":["GET"]}}],"collection":[{"href":"https:\/\/uoa.com.vn\/vi\/wp-json\/wp\/v2\/pages"}],"about":[{"href":"https:\/\/uoa.com.vn\/vi\/wp-json\/wp\/v2\/types\/page"}],"author":[{"embeddable":true,"href":"https:\/\/uoa.com.vn\/vi\/wp-json\/wp\/v2\/users\/4"}],"replies":[{"embeddable":true,"href":"https:\/\/uoa.com.vn\/vi\/wp-json\/wp\/v2\/comments?post=480"}],"version-history":[{"count":15,"href":"https:\/\/uoa.com.vn\/vi\/wp-json\/wp\/v2\/pages\/480\/revisions"}],"predecessor-version":[{"id":1072,"href":"https:\/\/uoa.com.vn\/vi\/wp-json\/wp\/v2\/pages\/480\/revisions\/1072"}],"up":[{"embeddable":true,"href":"https:\/\/uoa.com.vn\/vi\/wp-json\/wp\/v2\/pages\/835"}],"wp:featuredmedia":[{"embeddable":true,"href":"https:\/\/uoa.com.vn\/vi\/wp-json\/wp\/v2\/media\/427"}],"wp:attachment":[{"href":"https:\/\/uoa.com.vn\/vi\/wp-json\/wp\/v2\/media?parent=480"}],"wp:term":[{"taxonomy":"category","embeddable":true,"href":"https:\/\/uoa.com.vn\/vi\/wp-json\/wp\/v2\/categories?post=480"}],"curies":[{"name":"wp","href":"https:\/\/api.w.org\/{rel}","templated":true}]}}