{"id":488,"date":"2023-04-19T21:55:38","date_gmt":"2023-04-19T21:55:38","guid":{"rendered":"https:\/\/uoa.com.vn\/?page_id=488"},"modified":"2024-11-22T08:43:29","modified_gmt":"2024-11-22T08:43:29","slug":"millennial-tower","status":"publish","type":"page","link":"https:\/\/uoa.com.vn\/vi\/projects\/commercial\/millennial-tower\/","title":{"rendered":"Millennial Tower"},"content":{"rendered":"","protected":false},"excerpt":{"rendered":"<p>D\u1ef1 ki\u1ebfn ho\u00e0n th\u00e0nh v\u00e0o Qu\u00fd 2 n\u0103m 2026, Millennial Tower c\u00f3 di\u1ec7n t\u00edch kho\u1ea3ng 60.492m\u00b2 v\u00e0 l\u00e0 t\u00f2a nh\u00e0 v\u0103n ph\u00f2ng l\u1edbn nh\u1ea5t khu v\u1ef1c ph\u00eda Nam Th\u00e0nh ph\u1ed1 H\u1ed3 Ch\u00ed Minh. Cung c\u1ea5p m\u1eb7t b\u1eb1ng v\u0103n ph\u00f2ng r\u1ed9ng g\u1ea7n 2.300m\u00b2\/s\u00e0n v\u1edbi c\u00e1c ti\u00eau chu\u1ea9n v\u00e0 th\u00f4ng s\u1ed1 k\u1ef9 thu\u1eadt \u0111\u1eb3ng c\u1ea5p qu\u1ed1c t\u1ebf nh\u1eb1m t\u1ed1i \u0111a h\u00f3a di\u1ec7n t\u00edch s\u1eed d\u1ee5ng, Millennial Tower \u0111\u01b0\u1ee3c k\u1ef3 v\u1ecdng s\u1ebd l\u00e0 t\u00f2a nh\u00e0 v\u0103n ph\u00f2ng sang tr\u1ecdng trong khu v\u1ef1c mang \u0111\u1ebfn tr\u1ea3i nghi\u1ec7m v\u01b0\u1ee3t tr\u1ed9i v\u1edbi nhi\u1ec1u ti\u1ec7n \u00edch v\u00e0 d\u1ecbch v\u1ee5 \u1ea9m th\u1ef1c \u0111a d\u1ea1ng d\u00e0nh cho kh\u00e1ch thu\u00ea.<\/p>\n","protected":false},"author":4,"featured_media":418,"parent":835,"menu_order":0,"comment_status":"closed","ping_status":"closed","template":"","meta":{"footnotes":""},"categories":[2,15],"class_list":["post-488","page","type-page","status-publish","has-post-thumbnail","hentry","category-commercial","category-commercial-vi"],"acf":[],"yoast_head":"<!-- This site is optimized with the Yoast SEO plugin v21.2 - https:\/\/yoast.com\/wordpress\/plugins\/seo\/ -->\n<title>Millennial Tower - UOA Group<\/title>\n<meta name=\"robots\" content=\"index, follow, max-snippet:-1, max-image-preview:large, max-video-preview:-1\" \/>\n<link rel=\"canonical\" href=\"https:\/\/uoa.com.vn\/vi\/projects\/commercial\/millennial-tower\/\" \/>\n<meta property=\"og:locale\" content=\"vi_VN\" \/>\n<meta property=\"og:type\" content=\"article\" \/>\n<meta property=\"og:title\" content=\"Millennial Tower - UOA Group\" \/>\n<meta property=\"og:description\" content=\"D\u1ef1 ki\u1ebfn ho\u00e0n th\u00e0nh v\u00e0o Qu\u00fd 2 n\u0103m 2026, Millennial Tower c\u00f3 di\u1ec7n t\u00edch kho\u1ea3ng 60.492m\u00b2 v\u00e0 l\u00e0 t\u00f2a nh\u00e0 v\u0103n ph\u00f2ng l\u1edbn nh\u1ea5t khu v\u1ef1c ph\u00eda Nam Th\u00e0nh ph\u1ed1 H\u1ed3 Ch\u00ed Minh. Cung c\u1ea5p m\u1eb7t b\u1eb1ng v\u0103n ph\u00f2ng r\u1ed9ng g\u1ea7n 2.300m\u00b2\/s\u00e0n v\u1edbi c\u00e1c ti\u00eau chu\u1ea9n v\u00e0 th\u00f4ng s\u1ed1 k\u1ef9 thu\u1eadt \u0111\u1eb3ng c\u1ea5p qu\u1ed1c t\u1ebf nh\u1eb1m t\u1ed1i \u0111a h\u00f3a di\u1ec7n t\u00edch s\u1eed d\u1ee5ng, Millennial Tower \u0111\u01b0\u1ee3c k\u1ef3 v\u1ecdng s\u1ebd l\u00e0 t\u00f2a nh\u00e0 v\u0103n ph\u00f2ng sang tr\u1ecdng trong khu v\u1ef1c mang \u0111\u1ebfn tr\u1ea3i nghi\u1ec7m v\u01b0\u1ee3t tr\u1ed9i v\u1edbi nhi\u1ec1u ti\u1ec7n \u00edch v\u00e0 d\u1ecbch v\u1ee5 \u1ea9m th\u1ef1c \u0111a d\u1ea1ng d\u00e0nh cho kh\u00e1ch thu\u00ea.\" \/>\n<meta property=\"og:url\" content=\"https:\/\/uoa.com.vn\/vi\/projects\/commercial\/millennial-tower\/\" \/>\n<meta property=\"og:site_name\" content=\"UOA Group\" \/>\n<meta property=\"article:modified_time\" content=\"2024-11-22T08:43:29+00:00\" \/>\n<meta property=\"og:image\" content=\"https:\/\/uoa.com.vn\/wp-content\/uploads\/2023\/04\/img-project-milleniial-tower.jpg\" \/>\n\t<meta property=\"og:image:width\" content=\"1600\" \/>\n\t<meta property=\"og:image:height\" content=\"1800\" \/>\n\t<meta property=\"og:image:type\" content=\"image\/jpeg\" \/>\n<meta name=\"twitter:card\" content=\"summary_large_image\" \/>\n<script type=\"application\/ld+json\" class=\"yoast-schema-graph\">{\"@context\":\"https:\/\/schema.org\",\"@graph\":[{\"@type\":\"WebPage\",\"@id\":\"https:\/\/uoa.com.vn\/vi\/projects\/commercial\/millennial-tower\/\",\"url\":\"https:\/\/uoa.com.vn\/vi\/projects\/commercial\/millennial-tower\/\",\"name\":\"Millennial Tower - UOA Group\",\"isPartOf\":{\"@id\":\"https:\/\/uoa.com.vn\/vi\/#website\"},\"datePublished\":\"2023-04-19T21:55:38+00:00\",\"dateModified\":\"2024-11-22T08:43:29+00:00\",\"breadcrumb\":{\"@id\":\"https:\/\/uoa.com.vn\/vi\/projects\/commercial\/millennial-tower\/#breadcrumb\"},\"inLanguage\":\"vi-VN\",\"potentialAction\":[{\"@type\":\"ReadAction\",\"target\":[\"https:\/\/uoa.com.vn\/vi\/projects\/commercial\/millennial-tower\/\"]}]},{\"@type\":\"BreadcrumbList\",\"@id\":\"https:\/\/uoa.com.vn\/vi\/projects\/commercial\/millennial-tower\/#breadcrumb\",\"itemListElement\":[{\"@type\":\"ListItem\",\"position\":1,\"name\":\"Home\",\"item\":\"https:\/\/uoa.com.vn\/vi\/about\/\"},{\"@type\":\"ListItem\",\"position\":2,\"name\":\"D\u1ef1 \u00e1n\",\"item\":\"https:\/\/uoa.com.vn\/vi\/projects\/\"},{\"@type\":\"ListItem\",\"position\":3,\"name\":\"Commercial\",\"item\":\"https:\/\/uoa.com.vn\/vi\/projects\/commercial\/\"},{\"@type\":\"ListItem\",\"position\":4,\"name\":\"Millennial Tower\"}]},{\"@type\":\"WebSite\",\"@id\":\"https:\/\/uoa.com.vn\/vi\/#website\",\"url\":\"https:\/\/uoa.com.vn\/vi\/\",\"name\":\"UOA Group\",\"description\":\"\",\"potentialAction\":[{\"@type\":\"SearchAction\",\"target\":{\"@type\":\"EntryPoint\",\"urlTemplate\":\"https:\/\/uoa.com.vn\/vi\/?s={search_term_string}\"},\"query-input\":\"required name=search_term_string\"}],\"inLanguage\":\"vi-VN\"}]}<\/script>\n<!-- \/ Yoast SEO plugin. -->","yoast_head_json":{"title":"Millennial Tower - UOA Group","robots":{"index":"index","follow":"follow","max-snippet":"max-snippet:-1","max-image-preview":"max-image-preview:large","max-video-preview":"max-video-preview:-1"},"canonical":"https:\/\/uoa.com.vn\/vi\/projects\/commercial\/millennial-tower\/","og_locale":"vi_VN","og_type":"article","og_title":"Millennial Tower - UOA Group","og_description":"D\u1ef1 ki\u1ebfn ho\u00e0n th\u00e0nh v\u00e0o Qu\u00fd 2 n\u0103m 2026, Millennial Tower c\u00f3 di\u1ec7n t\u00edch kho\u1ea3ng 60.492m\u00b2 v\u00e0 l\u00e0 t\u00f2a nh\u00e0 v\u0103n ph\u00f2ng l\u1edbn nh\u1ea5t khu v\u1ef1c ph\u00eda Nam Th\u00e0nh ph\u1ed1 H\u1ed3 Ch\u00ed Minh. Cung c\u1ea5p m\u1eb7t b\u1eb1ng v\u0103n ph\u00f2ng r\u1ed9ng g\u1ea7n 2.300m\u00b2\/s\u00e0n v\u1edbi c\u00e1c ti\u00eau chu\u1ea9n v\u00e0 th\u00f4ng s\u1ed1 k\u1ef9 thu\u1eadt \u0111\u1eb3ng c\u1ea5p qu\u1ed1c t\u1ebf nh\u1eb1m t\u1ed1i \u0111a h\u00f3a di\u1ec7n t\u00edch s\u1eed d\u1ee5ng, Millennial Tower \u0111\u01b0\u1ee3c k\u1ef3 v\u1ecdng s\u1ebd l\u00e0 t\u00f2a nh\u00e0 v\u0103n ph\u00f2ng sang tr\u1ecdng trong khu v\u1ef1c mang \u0111\u1ebfn tr\u1ea3i nghi\u1ec7m v\u01b0\u1ee3t tr\u1ed9i v\u1edbi nhi\u1ec1u ti\u1ec7n \u00edch v\u00e0 d\u1ecbch v\u1ee5 \u1ea9m th\u1ef1c \u0111a d\u1ea1ng d\u00e0nh cho kh\u00e1ch thu\u00ea.","og_url":"https:\/\/uoa.com.vn\/vi\/projects\/commercial\/millennial-tower\/","og_site_name":"UOA Group","article_modified_time":"2024-11-22T08:43:29+00:00","og_image":[{"width":1600,"height":1800,"url":"https:\/\/uoa.com.vn\/wp-content\/uploads\/2023\/04\/img-project-milleniial-tower.jpg","type":"image\/jpeg"}],"twitter_card":"summary_large_image","schema":{"@context":"https:\/\/schema.org","@graph":[{"@type":"WebPage","@id":"https:\/\/uoa.com.vn\/vi\/projects\/commercial\/millennial-tower\/","url":"https:\/\/uoa.com.vn\/vi\/projects\/commercial\/millennial-tower\/","name":"Millennial Tower - UOA Group","isPartOf":{"@id":"https:\/\/uoa.com.vn\/vi\/#website"},"datePublished":"2023-04-19T21:55:38+00:00","dateModified":"2024-11-22T08:43:29+00:00","breadcrumb":{"@id":"https:\/\/uoa.com.vn\/vi\/projects\/commercial\/millennial-tower\/#breadcrumb"},"inLanguage":"vi-VN","potentialAction":[{"@type":"ReadAction","target":["https:\/\/uoa.com.vn\/vi\/projects\/commercial\/millennial-tower\/"]}]},{"@type":"BreadcrumbList","@id":"https:\/\/uoa.com.vn\/vi\/projects\/commercial\/millennial-tower\/#breadcrumb","itemListElement":[{"@type":"ListItem","position":1,"name":"Home","item":"https:\/\/uoa.com.vn\/vi\/about\/"},{"@type":"ListItem","position":2,"name":"D\u1ef1 \u00e1n","item":"https:\/\/uoa.com.vn\/vi\/projects\/"},{"@type":"ListItem","position":3,"name":"Commercial","item":"https:\/\/uoa.com.vn\/vi\/projects\/commercial\/"},{"@type":"ListItem","position":4,"name":"Millennial Tower"}]},{"@type":"WebSite","@id":"https:\/\/uoa.com.vn\/vi\/#website","url":"https:\/\/uoa.com.vn\/vi\/","name":"UOA Group","description":"","potentialAction":[{"@type":"SearchAction","target":{"@type":"EntryPoint","urlTemplate":"https:\/\/uoa.com.vn\/vi\/?s={search_term_string}"},"query-input":"required name=search_term_string"}],"inLanguage":"vi-VN"}]}},"_links":{"self":[{"href":"https:\/\/uoa.com.vn\/vi\/wp-json\/wp\/v2\/pages\/488","targetHints":{"allow":["GET"]}}],"collection":[{"href":"https:\/\/uoa.com.vn\/vi\/wp-json\/wp\/v2\/pages"}],"about":[{"href":"https:\/\/uoa.com.vn\/vi\/wp-json\/wp\/v2\/types\/page"}],"author":[{"embeddable":true,"href":"https:\/\/uoa.com.vn\/vi\/wp-json\/wp\/v2\/users\/4"}],"replies":[{"embeddable":true,"href":"https:\/\/uoa.com.vn\/vi\/wp-json\/wp\/v2\/comments?post=488"}],"version-history":[{"count":20,"href":"https:\/\/uoa.com.vn\/vi\/wp-json\/wp\/v2\/pages\/488\/revisions"}],"predecessor-version":[{"id":1081,"href":"https:\/\/uoa.com.vn\/vi\/wp-json\/wp\/v2\/pages\/488\/revisions\/1081"}],"up":[{"embeddable":true,"href":"https:\/\/uoa.com.vn\/vi\/wp-json\/wp\/v2\/pages\/835"}],"wp:featuredmedia":[{"embeddable":true,"href":"https:\/\/uoa.com.vn\/vi\/wp-json\/wp\/v2\/media\/418"}],"wp:attachment":[{"href":"https:\/\/uoa.com.vn\/vi\/wp-json\/wp\/v2\/media?parent=488"}],"wp:term":[{"taxonomy":"category","embeddable":true,"href":"https:\/\/uoa.com.vn\/vi\/wp-json\/wp\/v2\/categories?post=488"}],"curies":[{"name":"wp","href":"https:\/\/api.w.org\/{rel}","templated":true}]}}